{"id":5973,"date":"2023-12-25T23:32:16","date_gmt":"2023-12-25T22:32:16","guid":{"rendered":"https:\/\/odassia.com\/%d9%83%d8%aa%d9%8a%d8%a8%d8%a7%d8%aa%d9%86%d8%a7\/"},"modified":"2024-11-21T10:45:27","modified_gmt":"2024-11-21T09:45:27","slug":"%d9%83%d8%aa%d9%8a%d8%a8%d8%a7%d8%aa%d9%86%d8%a7","status":"publish","type":"page","link":"https:\/\/odassia.com\/ar\/%d9%83%d8%aa%d9%8a%d8%a8%d8%a7%d8%aa%d9%86%d8%a7\/","title":{"rendered":"\u0643\u062a\u064a\u0628\u0627\u062a\u0646\u0627"},"content":{"rendered":"<section class=\"l-section wpb_row us_custom_e9bd9262 height_auto width_full with_img\"><div class=\"l-section-img\" data-img-width=\"2740\" data-img-height=\"1196\" style=\"background-image: url(https:\/\/odassia.com\/wp-content\/uploads\/2023\/12\/Catalogue-odassia.png);background-repeat: no-repeat;\"><\/div><div class=\"l-section-h i-cf\"><div class=\"g-cols vc_row via_grid cols_1 laptops-cols_inherit tablets-cols_inherit mobiles-cols_1 valign_top type_default stacking_default\"><div class=\"wpb_column vc_column_container\"><div class=\"vc_column-inner\"><\/div><\/div><\/div><\/div><\/section><section class=\"l-section wpb_row height_small\"><div class=\"l-section-h i-cf\"><div class=\"g-cols vc_row via_grid cols_custom laptops-cols_inherit tablets-cols_inherit mobiles-cols_1 valign_top type_default stacking_default\" style=\"--custom-columns:0.5fr 5fr 0.5fr \"><div class=\"wpb_column vc_column_container\"><div class=\"vc_column-inner\"><\/div><\/div><div class=\"wpb_column vc_column_container\"><div class=\"vc_column-inner\"><div class=\"w-separator size_medium\"><\/div><div class=\"wpb_text_column title3\"><div class=\"wpb_wrapper\"><h1 style=\"text-align: center;\">\u0643\u062a\u064a\u0628\u0627\u062a\u0646\u0627<\/h1>\n<\/div><\/div><\/div><\/div><div class=\"wpb_column vc_column_container\"><div class=\"vc_column-inner\"><\/div><\/div><\/div><\/div><\/section><section class=\"l-section wpb_row height_small\"><div class=\"l-section-h i-cf\"><div class=\"g-cols vc_row via_grid cols_3 laptops-cols_inherit tablets-cols_inherit mobiles-cols_1 valign_middle type_default stacking_default\" style=\"grid-gap:1.5rem;\"><div class=\"wpb_column vc_column_container\"><div class=\"vc_column-inner\"><div class=\"wpb_text_column\"><div class=\"wpb_wrapper\"><div class=\"_df_thumb \" id=\"df_3269\"  _slug=\"jaunes\" data-title=\"jaunes\" wpoptions=\"true\" thumb=\"https:\/\/odassia.com\/wp-content\/uploads\/2023\/12\/Capture-decran-2023-12-25-231150.png\" thumbtype=\"\" >jaunes<\/div><script class=\"df-shortcode-script\" nowprocket type=\"application\/javascript\">window.option_df_3269 = {\"outline\":[],\"autoEnableOutline\":\"false\",\"autoEnableThumbnail\":\"false\",\"overwritePDFOutline\":\"false\",\"direction\":\"1\",\"pageSize\":\"0\",\"source\":\"https:\\\/\\\/odassia.com\\\/wp-content\\\/uploads\\\/2023\\\/12\\\/01-BROCHURE-LES-JAUNES-DEF-LR.pdf\",\"wpOptions\":\"true\"}; if(window.DFLIP && window.DFLIP.parseBooks){window.DFLIP.parseBooks();}<\/script>\n<\/div><\/div><\/div><\/div><div class=\"wpb_column vc_column_container\"><div class=\"vc_column-inner\"><div class=\"wpb_text_column\"><div class=\"wpb_wrapper\"><div class=\"_df_thumb \" id=\"df_3277\"  _slug=\"oranges\" data-title=\"oranges\" wpoptions=\"true\" thumb=\"https:\/\/odassia.com\/wp-content\/uploads\/2023\/12\/Capture-decran-2023-12-25-233346.png\" thumbtype=\"\" >oranges<\/div><script class=\"df-shortcode-script\" nowprocket type=\"application\/javascript\">window.option_df_3277 = {\"outline\":[],\"autoEnableOutline\":\"false\",\"autoEnableThumbnail\":\"false\",\"overwritePDFOutline\":\"false\",\"direction\":\"1\",\"pageSize\":\"0\",\"source\":\"https:\\\/\\\/odassia.com\\\/wp-content\\\/uploads\\\/2023\\\/12\\\/02-BROCHURE-LES-ORANGES-DEF-LR.pdf\",\"wpOptions\":\"true\"}; if(window.DFLIP && window.DFLIP.parseBooks){window.DFLIP.parseBooks();}<\/script>\n<\/div><\/div><\/div><\/div><div class=\"wpb_column vc_column_container\"><div class=\"vc_column-inner\"><div class=\"wpb_text_column\"><div class=\"wpb_wrapper\"><div class=\"_df_thumb \" id=\"df_3281\"  _slug=\"rouges\" data-title=\"rouges\" wpoptions=\"true\" thumb=\"https:\/\/odassia.com\/wp-content\/uploads\/2023\/12\/Capture-decran-2023-12-25-234934.png\" thumbtype=\"\" >rouges<\/div><script class=\"df-shortcode-script\" nowprocket type=\"application\/javascript\">window.option_df_3281 = {\"outline\":[],\"autoEnableOutline\":\"false\",\"autoEnableThumbnail\":\"false\",\"overwritePDFOutline\":\"false\",\"direction\":\"1\",\"pageSize\":\"0\",\"source\":\"https:\\\/\\\/odassia.com\\\/wp-content\\\/uploads\\\/2023\\\/12\\\/03-BROCHURE-LES-ROUGES-DEF-LR.pdf\",\"wpOptions\":\"true\"}; if(window.DFLIP && window.DFLIP.parseBooks){window.DFLIP.parseBooks();}<\/script>\n<\/div><\/div><\/div><\/div><\/div><\/div><\/section><section class=\"l-section wpb_row height_small\"><div class=\"l-section-h i-cf\"><div class=\"g-cols vc_row via_grid cols_3 laptops-cols_inherit tablets-cols_inherit mobiles-cols_1 valign_middle type_default stacking_default\" style=\"grid-gap:1.5rem;\"><div class=\"wpb_column vc_column_container\"><div class=\"vc_column-inner\"><div class=\"wpb_text_column\"><div class=\"wpb_wrapper\"><div class=\"_df_thumb \" id=\"df_3287\"  _slug=\"mauves\" data-title=\"mauves\" wpoptions=\"true\" thumb=\"https:\/\/odassia.com\/wp-content\/uploads\/2023\/12\/Capture-decran-2023-12-26-091112.png\" thumbtype=\"\" >mauves<\/div><script class=\"df-shortcode-script\" nowprocket type=\"application\/javascript\">window.option_df_3287 = {\"outline\":[],\"autoEnableOutline\":\"false\",\"autoEnableThumbnail\":\"false\",\"overwritePDFOutline\":\"false\",\"direction\":\"1\",\"pageSize\":\"0\",\"source\":\"https:\\\/\\\/odassia.com\\\/wp-content\\\/uploads\\\/2023\\\/12\\\/04-BROCHURE-LES-MAUVES-DEF-LR.pdf\",\"wpOptions\":\"true\"}; if(window.DFLIP && window.DFLIP.parseBooks){window.DFLIP.parseBooks();}<\/script>\n<\/div><\/div><\/div><\/div><div class=\"wpb_column vc_column_container\"><div class=\"vc_column-inner\"><div class=\"wpb_text_column\"><div class=\"wpb_wrapper\"><div class=\"_df_thumb \" id=\"df_3291\"  _slug=\"mauves-2\" data-title=\"blues\" wpoptions=\"true\" thumb=\"https:\/\/odassia.com\/wp-content\/uploads\/2023\/12\/Capture-decran-2023-12-26-091131.png\" thumbtype=\"\" >blues<\/div><script class=\"df-shortcode-script\" nowprocket type=\"application\/javascript\">window.option_df_3291 = {\"outline\":[],\"autoEnableOutline\":\"false\",\"autoEnableThumbnail\":\"false\",\"overwritePDFOutline\":\"false\",\"direction\":\"1\",\"pageSize\":\"0\",\"source\":\"https:\\\/\\\/odassia.com\\\/wp-content\\\/uploads\\\/2023\\\/12\\\/05-BROCHURE-LES-BLEUS-DEF-LR.pdf\",\"wpOptions\":\"true\"}; if(window.DFLIP && window.DFLIP.parseBooks){window.DFLIP.parseBooks();}<\/script>\n<\/div><\/div><\/div><\/div><div class=\"wpb_column vc_column_container\"><div class=\"vc_column-inner\"><div class=\"wpb_text_column\"><div class=\"wpb_wrapper\"><div class=\"_df_thumb \" id=\"df_3297\"  _slug=\"verts\" data-title=\"verts\" wpoptions=\"true\" thumb=\"https:\/\/odassia.com\/wp-content\/uploads\/2023\/12\/Capture-decran-2023-12-26-091144.png\" thumbtype=\"\" >verts<\/div><script class=\"df-shortcode-script\" nowprocket type=\"application\/javascript\">window.option_df_3297 = {\"outline\":[],\"autoEnableOutline\":\"false\",\"autoEnableThumbnail\":\"false\",\"overwritePDFOutline\":\"false\",\"direction\":\"1\",\"pageSize\":\"0\",\"source\":\"https:\\\/\\\/odassia.com\\\/wp-content\\\/uploads\\\/2023\\\/12\\\/06-BROCHURE-LES-VERTS-DEF-LR.pdf\",\"wpOptions\":\"true\"}; if(window.DFLIP && window.DFLIP.parseBooks){window.DFLIP.parseBooks();}<\/script>\n<\/div><\/div><\/div><\/div><\/div><\/div><\/section>\n","protected":false},"excerpt":{"rendered":"\u0643\u062a\u064a\u0628\u0627\u062a\u0646\u0627 jaunes oranges rouges mauves blues verts","protected":false},"author":3,"featured_media":0,"parent":0,"menu_order":0,"comment_status":"closed","ping_status":"closed","template":"","meta":{"_acf_changed":false,"_seopress_robots_primary_cat":"","_seopress_titles_title":"Brochures O'dassia Peintures : Couleurs et Inspirations D\u00e9coratives","_seopress_titles_desc":"Explorez notre s\u00e9lection de couleurs et effets sp\u00e9ciaux pour personnaliser votre espace. Consultez notre nuancier en ligne, nos catalogues d\u00e9coratifs et brochures pour trouver la combinaison parfaite pour votre projet de peinture.","_seopress_robots_index":"","inline_featured_image":false,"footnotes":""},"class_list":["post-5973","page","type-page","status-publish","hentry"],"acf":[],"_links":{"self":[{"href":"https:\/\/odassia.com\/ar\/wp-json\/wp\/v2\/pages\/5973","targetHints":{"allow":["GET"]}}],"collection":[{"href":"https:\/\/odassia.com\/ar\/wp-json\/wp\/v2\/pages"}],"about":[{"href":"https:\/\/odassia.com\/ar\/wp-json\/wp\/v2\/types\/page"}],"author":[{"embeddable":true,"href":"https:\/\/odassia.com\/ar\/wp-json\/wp\/v2\/users\/3"}],"replies":[{"embeddable":true,"href":"https:\/\/odassia.com\/ar\/wp-json\/wp\/v2\/comments?post=5973"}],"version-history":[{"count":16,"href":"https:\/\/odassia.com\/ar\/wp-json\/wp\/v2\/pages\/5973\/revisions"}],"predecessor-version":[{"id":11424,"href":"https:\/\/odassia.com\/ar\/wp-json\/wp\/v2\/pages\/5973\/revisions\/11424"}],"wp:attachment":[{"href":"https:\/\/odassia.com\/ar\/wp-json\/wp\/v2\/media?parent=5973"}],"curies":[{"name":"wp","href":"https:\/\/api.w.org\/{rel}","templated":true}]}}