{"id":7332,"date":"2023-11-09T09:29:12","date_gmt":"2023-11-09T08:29:12","guid":{"rendered":"https:\/\/odassia.com\/articles\/"},"modified":"2024-11-14T10:01:43","modified_gmt":"2024-11-14T09:01:43","slug":"articles","status":"publish","type":"page","link":"https:\/\/odassia.com\/en\/articles\/","title":{"rendered":"Articles"},"content":{"rendered":"<section class=\"l-section wpb_row us_custom_bdcb60f2 height_auto width_full with_img\"><div class=\"l-section-img\" data-img-width=\"2064\" data-img-height=\"1150\" style=\"background-image: url(https:\/\/odassia.com\/wp-content\/uploads\/2023\/11\/Capture-decran-2023-11-09-a-16.54.16.png);background-repeat: no-repeat;\"><\/div><div class=\"l-section-h i-cf\"><div class=\"g-cols vc_row via_grid cols_1 laptops-cols_inherit tablets-cols_inherit mobiles-cols_1 valign_top type_default stacking_default\"><div class=\"wpb_column vc_column_container\"><div class=\"vc_column-inner\"><\/div><\/div><\/div><\/div><\/section><section class=\"l-section wpb_row height_small\"><div class=\"l-section-h i-cf\"><div class=\"g-cols vc_row via_grid cols_custom laptops-cols_inherit tablets-cols_inherit mobiles-cols_1 valign_top type_default stacking_default\" style=\"--custom-columns:0.5fr 5fr 0.5fr \"><div class=\"wpb_column vc_column_container\"><div class=\"vc_column-inner\"><\/div><\/div><div class=\"wpb_column vc_column_container\"><div class=\"vc_column-inner\"><div class=\"w-separator size_medium\"><\/div><div class=\"wpb_text_column us_custom_9d184291 has_text_color\"><div class=\"wpb_wrapper\"><p style=\"text-align: center;\"><span style=\"text-align: center;\">DISCOVER ALL OUR<\/span><\/p>\n<\/div><\/div><div class=\"wpb_text_column title3\"><div class=\"wpb_wrapper\"><h1 style=\"text-align: center;\"><b>CONSEILS ET INSPIRATIONS<\/b><\/h1>\n<\/div><\/div><div class=\"w-separator size_medium\"><\/div><\/div><\/div><div class=\"wpb_column vc_column_container\"><div class=\"vc_column-inner\"><\/div><\/div><\/div><\/div><\/section><section class=\"l-section wpb_row height_auto\"><div class=\"l-section-h i-cf\"><div class=\"g-cols vc_row via_grid cols_1 laptops-cols_inherit tablets-cols_inherit mobiles-cols_1 valign_top type_default stacking_default\"><div class=\"wpb_column vc_column_container\"><div class=\"vc_column-inner\"><div class=\"w-grid us_custom_6ac5fca9 type_grid layout_portfolio_2 cols_3 ratio_1x1\" id=\"us_grid_1\" data-filterable=\"true\"><style>#us_grid_1 .w-grid-item{padding:1rem}#us_grid_1 .w-grid-list{margin:-1rem}.w-grid + #us_grid_1 .w-grid-list,.w-grid-none + #us_grid_1 .w-grid-list{margin-top:1rem}@media (max-width:899px){#us_grid_1 .w-grid-item{width:50%}#us_grid_1 .w-grid-item.size_2x1,#us_grid_1 .w-grid-item.size_2x2{width:100%}}@media (max-width:599px){#us_grid_1 .w-grid-list{margin:0}#us_grid_1 .w-grid-item{width:100%;padding:0;margin-bottom:1rem}}@media (min-width:1024px){#us_grid_1 .w-post-elm.post_title{font-size:16px!important}}.layout_portfolio_2 .w-grid-item-h:before{padding-bottom:100%}@media (min-width:600px){.layout_portfolio_2 .w-grid-item.size_1x2 .w-grid-item-h:before{padding-bottom:calc(200% + 1rem + 1rem)}.layout_portfolio_2 .w-grid-item.size_2x1 .w-grid-item-h:before{padding-bottom:calc(50% - 1rem * 1)}.layout_portfolio_2 .w-grid-item.size_2x2 .w-grid-item-h:before{padding-bottom:calc(100% - 1rem * 0)}}.layout_portfolio_2 .w-grid-item-h{background:#333}.layout_portfolio_2 .usg_post_image_1{transition-duration:0.35s;transform-origin:50% 50%;transform:scale(1) translate(0%,0%)}.layout_portfolio_2 .w-grid-item-h:hover .usg_post_image_1{transform:scale(1.1) translate(0%,0%);opacity:0.1}.layout_portfolio_2 .usg_post_image_1{position:absolute!important;top:0!important;right:0!important;bottom:0!important;left:0!important}.layout_portfolio_2 .usg_vwrapper_1{position:absolute!important;right:0!important;bottom:0!important;left:0!important;background:linear-gradient(transparent,rgba(30,30,30,0.8))!important;padding:4rem 2rem 1.5rem 2rem!important}.layout_portfolio_2 .usg_post_title_1{color:#fff!important;font-size:1.2rem!important}.layout_portfolio_2 .usg_post_taxonomy_1{color:#fff!important;font-size:0.9rem!important}<\/style><div class=\"w-grid-list\">\t<article class=\"w-grid-item size_1x1 post-8057 post type-post status-publish format-standard has-post-thumbnail hentry category-trends\" data-id=\"8057\">\r\n\t\t<div class=\"w-grid-item-h\">\r\n\t\t\t\t\t\t\t<a class=\"w-grid-item-anchor\" href=\"https:\/\/odassia.com\/en\/color-of-the-year-oda-b-28-subtle-elegance\/\" rel=\"bookmark\" aria-label=\"Color of the Year: ODA B 28, Subtle Elegance\"><\/a>\r\n\t\t\t\t\t\t<div class=\"w-post-elm post_image usg_post_image_1 stretched\"><img loading=\"lazy\" decoding=\"async\" width=\"1024\" height=\"682\" src=\"https:\/\/odassia.com\/wp-content\/uploads\/2024\/01\/Capture-decran-2024-01-10-a-12.45.13-1024x682.png\" class=\"attachment-large size-large wp-post-image\" alt=\"\" srcset=\"https:\/\/odassia.com\/wp-content\/uploads\/2024\/01\/Capture-decran-2024-01-10-a-12.45.13-1024x682.png 1024w, https:\/\/odassia.com\/wp-content\/uploads\/2024\/01\/Capture-decran-2024-01-10-a-12.45.13-600x400.png 600w, https:\/\/odassia.com\/wp-content\/uploads\/2024\/01\/Capture-decran-2024-01-10-a-12.45.13-300x200.png 300w\" sizes=\"auto, (max-width: 1024px) 100vw, 1024px\" \/><\/div><div class=\"w-vwrapper usg_vwrapper_1 align_none valign_top\"><h2 class=\"w-post-elm post_title usg_post_title_1 has_text_color entry-title color_link_inherit\">Color of the Year: ODA B 28, Subtle Elegance<\/h2><\/div>\t\t<\/div>\r\n\t<\/article>\r\n\t<article class=\"w-grid-item size_1x1 post-8066 post type-post status-publish format-standard has-post-thumbnail hentry category-trends\" data-id=\"8066\">\r\n\t\t<div class=\"w-grid-item-h\">\r\n\t\t\t\t\t\t\t<a class=\"w-grid-item-anchor\" href=\"https:\/\/odassia.com\/en\/lelegance-orientale-discover-the-ambience-of-a-moroccan-salon\/\" rel=\"bookmark\" aria-label=\"L&#8217;\u00c9l\u00e9gance Orientale: Discover the ambience of a Moroccan salon\"><\/a>\r\n\t\t\t\t\t\t<div class=\"w-post-elm post_image usg_post_image_1 stretched\"><img loading=\"lazy\" decoding=\"async\" width=\"1024\" height=\"571\" src=\"https:\/\/odassia.com\/wp-content\/uploads\/2023\/11\/Capture-decran-2023-11-09-a-16.54.16-1024x571.png\" class=\"attachment-large size-large wp-post-image\" alt=\"\" srcset=\"https:\/\/odassia.com\/wp-content\/uploads\/2023\/11\/Capture-decran-2023-11-09-a-16.54.16-1024x571.png 1024w, https:\/\/odassia.com\/wp-content\/uploads\/2023\/11\/Capture-decran-2023-11-09-a-16.54.16-600x334.png 600w, https:\/\/odassia.com\/wp-content\/uploads\/2023\/11\/Capture-decran-2023-11-09-a-16.54.16-300x167.png 300w\" sizes=\"auto, (max-width: 1024px) 100vw, 1024px\" \/><\/div><div class=\"w-vwrapper usg_vwrapper_1 align_none valign_top\"><h2 class=\"w-post-elm post_title usg_post_title_1 has_text_color entry-title color_link_inherit\">L&#8217;\u00c9l\u00e9gance Orientale: Discover the ambience of a Moroccan salon<\/h2><\/div>\t\t<\/div>\r\n\t<\/article>\r\n\t<article class=\"w-grid-item size_1x1 post-8058 post type-post status-publish format-standard has-post-thumbnail hentry category-trends\" data-id=\"8058\">\r\n\t\t<div class=\"w-grid-item-h\">\r\n\t\t\t\t\t\t\t<a class=\"w-grid-item-anchor\" href=\"https:\/\/odassia.com\/en\/the-elegance-of-sober-ambience-the-art-of-simplicity\/\" rel=\"bookmark\" aria-label=\"The Elegance of Sober Ambience: The Art of Simplicity\"><\/a>\r\n\t\t\t\t\t\t<div class=\"w-post-elm post_image usg_post_image_1 stretched\"><img loading=\"lazy\" decoding=\"async\" width=\"1000\" height=\"499\" src=\"https:\/\/odassia.com\/wp-content\/uploads\/2023\/11\/salon-cosy-canape-gris-bois.jpg\" class=\"attachment-large size-large wp-post-image\" alt=\"\" srcset=\"https:\/\/odassia.com\/wp-content\/uploads\/2023\/11\/salon-cosy-canape-gris-bois.jpg 1000w, https:\/\/odassia.com\/wp-content\/uploads\/2023\/11\/salon-cosy-canape-gris-bois-600x299.jpg 600w, https:\/\/odassia.com\/wp-content\/uploads\/2023\/11\/salon-cosy-canape-gris-bois-300x150.jpg 300w\" sizes=\"auto, (max-width: 1000px) 100vw, 1000px\" \/><\/div><div class=\"w-vwrapper usg_vwrapper_1 align_none valign_top\"><h2 class=\"w-post-elm post_title usg_post_title_1 has_text_color entry-title color_link_inherit\">The Elegance of Sober Ambience: The Art of Simplicity<\/h2><\/div>\t\t<\/div>\r\n\t<\/article>\r\n\t<article class=\"w-grid-item size_1x1 post-7694 post type-post status-publish format-standard has-post-thumbnail hentry category-trends\" data-id=\"7694\">\r\n\t\t<div class=\"w-grid-item-h\">\r\n\t\t\t\t\t\t\t<a class=\"w-grid-item-anchor\" href=\"https:\/\/odassia.com\/en\/the-advent-of-the-intelligent-home-immerse-yourself-in-the-modern-high-tech-ambience\/\" rel=\"bookmark\" aria-label=\"The Advent of the Intelligent Home : Immerse yourself in the Modern High-Tech Ambience\"><\/a>\r\n\t\t\t\t\t\t<div class=\"w-post-elm post_image usg_post_image_1 stretched\"><img loading=\"lazy\" decoding=\"async\" width=\"1024\" height=\"677\" src=\"https:\/\/odassia.com\/wp-content\/uploads\/2023\/11\/Capture-decran-2023-11-10-a-09.56.41-1024x677.png\" class=\"attachment-large size-large wp-post-image\" alt=\"\" srcset=\"https:\/\/odassia.com\/wp-content\/uploads\/2023\/11\/Capture-decran-2023-11-10-a-09.56.41-1024x677.png 1024w, https:\/\/odassia.com\/wp-content\/uploads\/2023\/11\/Capture-decran-2023-11-10-a-09.56.41-600x396.png 600w, https:\/\/odassia.com\/wp-content\/uploads\/2023\/11\/Capture-decran-2023-11-10-a-09.56.41-300x198.png 300w, https:\/\/odassia.com\/wp-content\/uploads\/2023\/11\/Capture-decran-2023-11-10-a-09.56.41.png 1816w\" sizes=\"auto, (max-width: 1024px) 100vw, 1024px\" \/><\/div><div class=\"w-vwrapper usg_vwrapper_1 align_none valign_top\"><h2 class=\"w-post-elm post_title usg_post_title_1 has_text_color entry-title color_link_inherit\">The Advent of the Intelligent Home : Immerse yourself in the Modern High-Tech Ambience<\/h2><\/div>\t\t<\/div>\r\n\t<\/article>\r\n\t<article class=\"w-grid-item size_1x1 post-7656 post type-post status-publish format-standard has-post-thumbnail hentry category-trends\" data-id=\"7656\">\r\n\t\t<div class=\"w-grid-item-h\">\r\n\t\t\t\t\t\t\t<a class=\"w-grid-item-anchor\" href=\"https:\/\/odassia.com\/en\/lush-jungle-ambience-create-an-oasis-of-nature-in-your-home\/\" rel=\"bookmark\" aria-label=\"Lush Jungle Ambience: Create an Oasis of Nature in Your Home\"><\/a>\r\n\t\t\t\t\t\t<div class=\"w-post-elm post_image usg_post_image_1 stretched\"><img loading=\"lazy\" decoding=\"async\" width=\"1024\" height=\"587\" src=\"https:\/\/odassia.com\/wp-content\/uploads\/2023\/11\/Capture-decran-2023-11-10-a-17.03.31-1024x587.png\" class=\"attachment-large size-large wp-post-image\" alt=\"\" srcset=\"https:\/\/odassia.com\/wp-content\/uploads\/2023\/11\/Capture-decran-2023-11-10-a-17.03.31-1024x587.png 1024w, https:\/\/odassia.com\/wp-content\/uploads\/2023\/11\/Capture-decran-2023-11-10-a-17.03.31-600x344.png 600w, https:\/\/odassia.com\/wp-content\/uploads\/2023\/11\/Capture-decran-2023-11-10-a-17.03.31-300x172.png 300w\" sizes=\"auto, (max-width: 1024px) 100vw, 1024px\" \/><\/div><div class=\"w-vwrapper usg_vwrapper_1 align_none valign_top\"><h2 class=\"w-post-elm post_title usg_post_title_1 has_text_color entry-title color_link_inherit\">Lush Jungle Ambience: Create an Oasis of Nature in Your Home<\/h2><\/div>\t\t<\/div>\r\n\t<\/article>\r\n\t<article class=\"w-grid-item size_1x1 post-7603 post type-post status-publish format-standard has-post-thumbnail hentry category-trends\" data-id=\"7603\">\r\n\t\t<div class=\"w-grid-item-h\">\r\n\t\t\t\t\t\t\t<a class=\"w-grid-item-anchor\" href=\"https:\/\/odassia.com\/en\/japanese-zen-create-a-peaceful-uncluttered-atmosphere\/\" rel=\"bookmark\" aria-label=\"Japanese Zen: Create a peaceful, uncluttered atmosphere\"><\/a>\r\n\t\t\t\t\t\t<div class=\"w-post-elm post_image usg_post_image_1 stretched\"><img loading=\"lazy\" decoding=\"async\" width=\"1024\" height=\"677\" src=\"https:\/\/odassia.com\/wp-content\/uploads\/2023\/11\/Capture-decran-2023-11-10-a-17.06.46-1024x677.png\" class=\"attachment-large size-large wp-post-image\" alt=\"\" srcset=\"https:\/\/odassia.com\/wp-content\/uploads\/2023\/11\/Capture-decran-2023-11-10-a-17.06.46-1024x677.png 1024w, https:\/\/odassia.com\/wp-content\/uploads\/2023\/11\/Capture-decran-2023-11-10-a-17.06.46-600x397.png 600w, https:\/\/odassia.com\/wp-content\/uploads\/2023\/11\/Capture-decran-2023-11-10-a-17.06.46-300x198.png 300w, https:\/\/odassia.com\/wp-content\/uploads\/2023\/11\/Capture-decran-2023-11-10-a-17.06.46.png 1878w\" sizes=\"auto, (max-width: 1024px) 100vw, 1024px\" \/><\/div><div class=\"w-vwrapper usg_vwrapper_1 align_none valign_top\"><h2 class=\"w-post-elm post_title usg_post_title_1 has_text_color entry-title color_link_inherit\">Japanese Zen: Create a peaceful, uncluttered atmosphere<\/h2><\/div>\t\t<\/div>\r\n\t<\/article>\r\n\t<article class=\"w-grid-item size_1x1 post-7574 post type-post status-publish format-standard has-post-thumbnail hentry category-trends\" data-id=\"7574\">\r\n\t\t<div class=\"w-grid-item-h\">\r\n\t\t\t\t\t\t\t<a class=\"w-grid-item-anchor\" href=\"https:\/\/odassia.com\/en\/lelegance-retro-futuriste-immerse-yourself-in-a-modern-art-deco-ambience\/\" rel=\"bookmark\" aria-label=\"L&#8217;\u00c9l\u00e9gance R\u00e9tro-Futuriste: Immerse yourself in a modern Art Deco ambience\"><\/a>\r\n\t\t\t\t\t\t<div class=\"w-post-elm post_image usg_post_image_1 stretched\"><img loading=\"lazy\" decoding=\"async\" width=\"1024\" height=\"591\" src=\"https:\/\/odassia.com\/wp-content\/uploads\/2023\/11\/salon-moderne-decor-elegant-canape-confortable-ai-generative-1024x591.jpg\" class=\"attachment-large size-large wp-post-image\" alt=\"\" srcset=\"https:\/\/odassia.com\/wp-content\/uploads\/2023\/11\/salon-moderne-decor-elegant-canape-confortable-ai-generative-1024x591.jpg 1024w, https:\/\/odassia.com\/wp-content\/uploads\/2023\/11\/salon-moderne-decor-elegant-canape-confortable-ai-generative-scaled-600x346.jpg 600w, https:\/\/odassia.com\/wp-content\/uploads\/2023\/11\/salon-moderne-decor-elegant-canape-confortable-ai-generative-300x173.jpg 300w\" sizes=\"auto, (max-width: 1024px) 100vw, 1024px\" \/><\/div><div class=\"w-vwrapper usg_vwrapper_1 align_none valign_top\"><h2 class=\"w-post-elm post_title usg_post_title_1 has_text_color entry-title color_link_inherit\">L&#8217;\u00c9l\u00e9gance R\u00e9tro-Futuriste: Immerse yourself in a modern Art Deco ambience<\/h2><\/div>\t\t<\/div>\r\n\t<\/article>\r\n\t<article class=\"w-grid-item size_1x1 post-7515 post type-post status-publish format-standard has-post-thumbnail hentry category-trends\" data-id=\"7515\">\r\n\t\t<div class=\"w-grid-item-h\">\r\n\t\t\t\t\t\t\t<a class=\"w-grid-item-anchor\" href=\"https:\/\/odassia.com\/en\/travel-to-the-mediterranean-create-a-mediterranean-ambience-in-your-home\/\" rel=\"bookmark\" aria-label=\"Travel to the Mediterranean: Create a Mediterranean ambience in your home\"><\/a>\r\n\t\t\t\t\t\t<div class=\"w-post-elm post_image usg_post_image_1 stretched\"><img loading=\"lazy\" decoding=\"async\" width=\"1024\" height=\"585\" src=\"https:\/\/odassia.com\/wp-content\/uploads\/2023\/11\/salon-luxe-moderne-canape-confortable-decor-elegant-genere-par-ai-1024x585.jpg\" class=\"attachment-large size-large wp-post-image\" alt=\"\" srcset=\"https:\/\/odassia.com\/wp-content\/uploads\/2023\/11\/salon-luxe-moderne-canape-confortable-decor-elegant-genere-par-ai-1024x585.jpg 1024w, https:\/\/odassia.com\/wp-content\/uploads\/2023\/11\/salon-luxe-moderne-canape-confortable-decor-elegant-genere-par-ai-scaled-600x343.jpg 600w, https:\/\/odassia.com\/wp-content\/uploads\/2023\/11\/salon-luxe-moderne-canape-confortable-decor-elegant-genere-par-ai-300x171.jpg 300w\" sizes=\"auto, (max-width: 1024px) 100vw, 1024px\" \/><\/div><div class=\"w-vwrapper usg_vwrapper_1 align_none valign_top\"><h2 class=\"w-post-elm post_title usg_post_title_1 has_text_color entry-title color_link_inherit\">Travel to the Mediterranean: Create a Mediterranean ambience in your home<\/h2><\/div>\t\t<\/div>\r\n\t<\/article>\r\n\t<article class=\"w-grid-item size_1x1 post-7673 post type-post status-publish format-standard has-post-thumbnail hentry category-trends\" data-id=\"7673\">\r\n\t\t<div class=\"w-grid-item-h\">\r\n\t\t\t\t\t\t\t<a class=\"w-grid-item-anchor\" href=\"https:\/\/odassia.com\/en\/lelegance-urbaine-creating-an-industrial-ambiance-in-your-living-space\/\" rel=\"bookmark\" aria-label=\"L&#8217;\u00c9l\u00e9gance Urbaine: Creating an Industrial Ambiance in Your Living Space\"><\/a>\r\n\t\t\t\t\t\t<div class=\"w-post-elm post_image usg_post_image_1 stretched\"><img loading=\"lazy\" decoding=\"async\" width=\"1024\" height=\"683\" src=\"https:\/\/odassia.com\/wp-content\/uploads\/2023\/11\/reunion-affaires-salle-travail-immeuble-bureaux-1024x683.jpg\" class=\"attachment-large size-large wp-post-image\" alt=\"\" srcset=\"https:\/\/odassia.com\/wp-content\/uploads\/2023\/11\/reunion-affaires-salle-travail-immeuble-bureaux-1024x683.jpg 1024w, https:\/\/odassia.com\/wp-content\/uploads\/2023\/11\/reunion-affaires-salle-travail-immeuble-bureaux-scaled-600x400.jpg 600w, https:\/\/odassia.com\/wp-content\/uploads\/2023\/11\/reunion-affaires-salle-travail-immeuble-bureaux-300x200.jpg 300w\" sizes=\"auto, (max-width: 1024px) 100vw, 1024px\" \/><\/div><div class=\"w-vwrapper usg_vwrapper_1 align_none valign_top\"><h2 class=\"w-post-elm post_title usg_post_title_1 has_text_color entry-title color_link_inherit\">L&#8217;\u00c9l\u00e9gance Urbaine: Creating an Industrial Ambiance in Your Living Space<\/h2><\/div>\t\t<\/div>\r\n\t<\/article>\r\n\t<article class=\"w-grid-item size_1x1 post-7652 post type-post status-publish format-standard has-post-thumbnail hentry category-trends\" data-id=\"7652\">\r\n\t\t<div class=\"w-grid-item-h\">\r\n\t\t\t\t\t\t\t<a class=\"w-grid-item-anchor\" href=\"https:\/\/odassia.com\/en\/the-art-of-eclectic-minimalist-decoration-balance-and-creativity\/\" rel=\"bookmark\" aria-label=\"The Art of Eclectic Minimalist Decoration: Balance and Creativity\"><\/a>\r\n\t\t\t\t\t\t<div class=\"w-post-elm post_image usg_post_image_1 stretched\"><img loading=\"lazy\" decoding=\"async\" width=\"1024\" height=\"570\" src=\"https:\/\/odassia.com\/wp-content\/uploads\/2023\/11\/Capture-decran-2023-11-13-a-12.37.07-1024x570.png\" class=\"attachment-large size-large wp-post-image\" alt=\"\" srcset=\"https:\/\/odassia.com\/wp-content\/uploads\/2023\/11\/Capture-decran-2023-11-13-a-12.37.07-1024x570.png 1024w, https:\/\/odassia.com\/wp-content\/uploads\/2023\/11\/Capture-decran-2023-11-13-a-12.37.07-600x334.png 600w, https:\/\/odassia.com\/wp-content\/uploads\/2023\/11\/Capture-decran-2023-11-13-a-12.37.07-300x167.png 300w, https:\/\/odassia.com\/wp-content\/uploads\/2023\/11\/Capture-decran-2023-11-13-a-12.37.07.png 1902w\" sizes=\"auto, (max-width: 1024px) 100vw, 1024px\" \/><\/div><div class=\"w-vwrapper usg_vwrapper_1 align_none valign_top\"><h2 class=\"w-post-elm post_title usg_post_title_1 has_text_color entry-title color_link_inherit\">The Art of Eclectic Minimalist Decoration: Balance and Creativity<\/h2><\/div>\t\t<\/div>\r\n\t<\/article>\r\n\t<article class=\"w-grid-item size_1x1 post-7590 post type-post status-publish format-standard has-post-thumbnail hentry category-trends\" data-id=\"7590\">\r\n\t\t<div class=\"w-grid-item-h\">\r\n\t\t\t\t\t\t\t<a class=\"w-grid-item-anchor\" href=\"https:\/\/odassia.com\/en\/create-a-modern-bohemian-ambiance-in-your-living-space\/\" rel=\"bookmark\" aria-label=\"Create a Modern Bohemian Ambiance in Your Living Space\"><\/a>\r\n\t\t\t\t\t\t<div class=\"w-post-elm post_image usg_post_image_1 stretched\"><img loading=\"lazy\" decoding=\"async\" width=\"1024\" height=\"571\" src=\"https:\/\/odassia.com\/wp-content\/uploads\/2023\/11\/Capture-decran-2023-11-13-a-12.40.04-1024x571.png\" class=\"attachment-large size-large wp-post-image\" alt=\"\" srcset=\"https:\/\/odassia.com\/wp-content\/uploads\/2023\/11\/Capture-decran-2023-11-13-a-12.40.04-1024x571.png 1024w, https:\/\/odassia.com\/wp-content\/uploads\/2023\/11\/Capture-decran-2023-11-13-a-12.40.04-600x335.png 600w, https:\/\/odassia.com\/wp-content\/uploads\/2023\/11\/Capture-decran-2023-11-13-a-12.40.04-300x167.png 300w\" sizes=\"auto, (max-width: 1024px) 100vw, 1024px\" \/><\/div><div class=\"w-vwrapper usg_vwrapper_1 align_none valign_top\"><h2 class=\"w-post-elm post_title usg_post_title_1 has_text_color entry-title color_link_inherit\">Create a Modern Bohemian Ambiance in Your Living Space<\/h2><\/div>\t\t<\/div>\r\n\t<\/article>\r\n<\/div><div class=\"w-grid-preloader\"><div class=\"g-preloader type_1\">\r\n\t<div><\/div>\r\n<\/div>\r\n<\/div>\t<div class=\"w-grid-json hidden\" onclick='return {&quot;action&quot;:&quot;us_ajax_grid&quot;,&quot;ajax_url&quot;:&quot;https:\\\/\\\/odassia.com\\\/wp-admin\\\/admin-ajax.php&quot;,&quot;infinite_scroll&quot;:0,&quot;max_num_pages&quot;:1,&quot;pagination&quot;:&quot;none&quot;,&quot;permalink_url&quot;:&quot;https:\\\/\\\/odassia.com\\\/en\\\/wp-json\\\/wp\\\/v2\\\/pages\\\/7332\\\/&quot;,&quot;template_vars&quot;:{&quot;columns&quot;:&quot;3&quot;,&quot;exclude_items&quot;:&quot;none&quot;,&quot;img_size&quot;:&quot;default&quot;,&quot;ignore_items_size&quot;:0,&quot;items_layout&quot;:&quot;portfolio_2&quot;,&quot;items_offset&quot;:&quot;1&quot;,&quot;load_animation&quot;:&quot;none&quot;,&quot;overriding_link&quot;:&quot;post&quot;,&quot;post_id&quot;:7332,&quot;query_args&quot;:{&quot;post_type&quot;:[&quot;post&quot;],&quot;tax_query&quot;:[{&quot;taxonomy&quot;:&quot;category&quot;,&quot;field&quot;:&quot;slug&quot;,&quot;terms&quot;:[&quot;tips-and-inspiration&quot;,&quot; trends&quot;]}],&quot;post_status&quot;:[&quot;publish&quot;,&quot;acf-disabled&quot;],&quot;posts_per_page&quot;:&quot;50&quot;},&quot;orderby_query_args&quot;:{&quot;orderby&quot;:{&quot;date&quot;:&quot;DESC&quot;}},&quot;type&quot;:&quot;grid&quot;,&quot;us_grid_ajax_index&quot;:1,&quot;us_grid_filter_params&quot;:null,&quot;us_grid_index&quot;:1,&quot;_us_grid_post_type&quot;:&quot;post&quot;,&quot;lang&quot;:&quot;en&quot;}}'><\/div>\r\n\t<\/div><\/div><\/div><\/div><\/div><\/section><section class=\"l-section wpb_row height_small\"><div class=\"l-section-h i-cf\"><div class=\"g-cols vc_row via_grid cols_1 laptops-cols_inherit tablets-cols_inherit mobiles-cols_1 valign_top type_default stacking_default\"><div class=\"wpb_column vc_column_container\"><div class=\"vc_column-inner\"><\/div><\/div><\/div><\/div><\/section>\n","protected":false},"excerpt":{"rendered":"Create a Bohemian ambience: Modern in Your Living Space The modern bohemian vibe is an interior design trend that fuses the relaxed bohemian aesthetic with contemporary design elements. This combination creates a space that&#8217;s both comfortable and stylish, where creativity and personality reign supreme. If you&#8217;re looking for a warm, eclectic atmosphere, here&#8217;s how you...","protected":false},"author":1,"featured_media":0,"parent":0,"menu_order":0,"comment_status":"closed","ping_status":"closed","template":"","meta":{"_acf_changed":false,"_seopress_robots_primary_cat":"","_seopress_titles_title":"","_seopress_titles_desc":"","_seopress_robots_index":"","inline_featured_image":false,"footnotes":""},"class_list":["post-7332","page","type-page","status-publish","hentry"],"acf":[],"_links":{"self":[{"href":"https:\/\/odassia.com\/en\/wp-json\/wp\/v2\/pages\/7332","targetHints":{"allow":["GET"]}}],"collection":[{"href":"https:\/\/odassia.com\/en\/wp-json\/wp\/v2\/pages"}],"about":[{"href":"https:\/\/odassia.com\/en\/wp-json\/wp\/v2\/types\/page"}],"author":[{"embeddable":true,"href":"https:\/\/odassia.com\/en\/wp-json\/wp\/v2\/users\/1"}],"replies":[{"embeddable":true,"href":"https:\/\/odassia.com\/en\/wp-json\/wp\/v2\/comments?post=7332"}],"version-history":[{"count":7,"href":"https:\/\/odassia.com\/en\/wp-json\/wp\/v2\/pages\/7332\/revisions"}],"predecessor-version":[{"id":11325,"href":"https:\/\/odassia.com\/en\/wp-json\/wp\/v2\/pages\/7332\/revisions\/11325"}],"wp:attachment":[{"href":"https:\/\/odassia.com\/en\/wp-json\/wp\/v2\/media?parent=7332"}],"curies":[{"name":"wp","href":"https:\/\/api.w.org\/{rel}","templated":true}]}}