{"id":7392,"date":"2023-11-02T16:11:49","date_gmt":"2023-11-02T15:11:49","guid":{"rendered":"https:\/\/odassia.com\/accompanying-you\/"},"modified":"2024-12-02T12:53:48","modified_gmt":"2024-12-02T11:53:48","slug":"colors-inspirations","status":"publish","type":"page","link":"https:\/\/odassia.com\/en\/colors-inspirations\/","title":{"rendered":"Colors &amp; inspirations"},"content":{"rendered":"<section class=\"l-section wpb_row us_custom_bdcb60f2 height_auto width_full with_img\"><div class=\"l-section-img\" data-img-width=\"2560\" data-img-height=\"1379\" style=\"background-image: url(https:\/\/odassia.com\/wp-content\/uploads\/2024\/11\/Design-sans-titre-14.png);background-position: top center;background-repeat: no-repeat;\"><\/div><div class=\"l-section-h i-cf\"><div class=\"g-cols vc_row via_grid cols_1 laptops-cols_inherit tablets-cols_inherit mobiles-cols_1 valign_top type_default stacking_default\"><div class=\"wpb_column vc_column_container\"><div class=\"vc_column-inner\"><\/div><\/div><\/div><\/div><\/section><section class=\"l-section wpb_row height_small\"><div class=\"l-section-h i-cf\"><div class=\"g-cols vc_row via_grid cols_2 laptops-cols_inherit tablets-cols_inherit mobiles-cols_1 valign_top type_default stacking_default\" style=\"grid-gap:1rem;\"><div class=\"wpb_column vc_column_container\"><div class=\"vc_column-inner\"><div class=\"w-image hide_on_mobiles align_none\"><div class=\"w-image-h\"><img loading=\"lazy\" decoding=\"async\" width=\"1024\" height=\"1024\" src=\"https:\/\/odassia.com\/wp-content\/uploads\/2024\/11\/3.png\" class=\"attachment-large size-large\" alt=\"\" srcset=\"https:\/\/odassia.com\/wp-content\/uploads\/2024\/11\/3.png 1024w, https:\/\/odassia.com\/wp-content\/uploads\/2024\/11\/3-300x300.png 300w, https:\/\/odassia.com\/wp-content\/uploads\/2024\/11\/3-150x150.png 150w, https:\/\/odassia.com\/wp-content\/uploads\/2024\/11\/3-600x600.png 600w\" sizes=\"auto, (max-width: 1024px) 100vw, 1024px\" \/><\/div><\/div><\/div><\/div><div class=\"wpb_column vc_column_container hide_on_mobiles\"><div class=\"vc_column-inner\"><div class=\"wpb_text_column us_custom_8acfbab3\"><div class=\"wpb_wrapper\"><div style=\"margin-left: 20px; margin-right: 30px;\">\n<h2><\/h2>\n<h2 style=\"font-size: 30px; margin-bottom: 5px;\"><span style=\"color: #ffffff;\">O&#8217;DASSIA COLORS<\/span><\/h2>\n<hr style=\"border: 1px solid #ffffff; width: 30%; margin: 8px 0;\">\n<h5 style=\"margin-top: 0;\"><span style=\"color: #ffffff;\">Inspiring colors for your home<\/span><\/h5>\n<p><span style=\"color: #ffffff;\">Discover our online color chart, specially designed for your interior design projects.<\/span><br \/><span style=\"color: #ffffff;\">In phase with the 2024\/2025 trends, each shade is available in matte, satin or gloss finish,<\/span><br \/><span style=\"color: #ffffff;\">offering perfect opacity, color precision and exceptional durability.<\/span><\/p>\n<\/div>\n<\/div><\/div><div class=\"w-btn-wrapper align_none\"><a class=\"w-btn us-btn-style_17 us_custom_43377955\" href=\"https:\/\/odassia.com\/en\/colors\/\"><span class=\"w-btn-label\">DISCOVER<\/span><\/a><\/div><\/div><\/div><\/div><\/div><\/section><section class=\"l-section wpb_row hide_on_mobiles height_small\"><div class=\"l-section-h i-cf\"><div class=\"g-cols vc_row via_grid cols_2 laptops-cols_inherit tablets-cols_inherit mobiles-cols_1 valign_top type_default stacking_default\" style=\"grid-gap:1rem;\"><div class=\"wpb_column vc_column_container\"><div class=\"vc_column-inner\"><div class=\"wpb_text_column us_custom_e806ab33\"><div class=\"wpb_wrapper\"><div style=\"margin-left: 20px; margin-right: 30px;\">\n<h2><\/h2>\n<h2 style=\"font-size: 30px; margin-bottom: 5px;\"><span style=\"color: #ffffff;\">O&#8217;DASSIA FINISHES<\/span><\/h2>\n<hr style=\"border: 1px solid #ffffff; width: 30%; margin: 10px 0;\">\n<h5><span style=\"color: #ffffff;\">Effects that enhance your spaces<\/span><\/h5>\n<p><span style=\"color: #ffffff;\">Discover our decorative finishes, such as sandblasted, stuccoed, textured, pearlescent and iridescent, which transform your interior and exterior projects. Combining aesthetics and durability, our coatings are ideal for creating varied, elegant ambiences in tune with current trends. <\/span><\/p>\n<\/div>\n<\/div><\/div><div class=\"w-btn-wrapper align_none\"><a class=\"w-btn us-btn-style_17 us_custom_43377955\" href=\"https:\/\/odassia.com\/en\/our-catalogs\/\"><span class=\"w-btn-label\">DISCOVER<\/span><\/a><\/div><\/div><\/div><div class=\"wpb_column vc_column_container\"><div class=\"vc_column-inner\"><div class=\"w-image hide_on_mobiles align_none\"><div class=\"w-image-h\"><img loading=\"lazy\" decoding=\"async\" width=\"1024\" height=\"1024\" src=\"https:\/\/odassia.com\/wp-content\/uploads\/2024\/11\/Titre-6.png\" class=\"attachment-large size-large\" alt=\"\" srcset=\"https:\/\/odassia.com\/wp-content\/uploads\/2024\/11\/Titre-6.png 1024w, https:\/\/odassia.com\/wp-content\/uploads\/2024\/11\/Titre-6-300x300.png 300w, https:\/\/odassia.com\/wp-content\/uploads\/2024\/11\/Titre-6-150x150.png 150w, https:\/\/odassia.com\/wp-content\/uploads\/2024\/11\/Titre-6-600x600.png 600w\" sizes=\"auto, (max-width: 1024px) 100vw, 1024px\" \/><\/div><\/div><\/div><\/div><\/div><\/div><\/section><section class=\"l-section wpb_row height_small\"><div class=\"l-section-h i-cf\"><div class=\"g-cols vc_row via_grid cols_2 laptops-cols_inherit tablets-cols_inherit mobiles-cols_1 valign_top type_default stacking_default\" style=\"grid-gap:1rem;\"><div class=\"wpb_column vc_column_container hide_on_mobiles\"><div class=\"vc_column-inner\"><div class=\"wpb_text_column us_custom_c7496920\"><div class=\"wpb_wrapper\"><div style=\"margin-left: 20px; margin-right: 30px;\">\n<h2><\/h2>\n<h2 style=\"font-size: 30px; margin-bottom: 5px;\"><span style=\"color: #ffffff;\">2025 TRENDS<\/span><\/h2>\n<hr style=\"border: 1px solid #ffffff; width: 30%; margin: 10px 0;\">\n<h5><span style=\"color: #ffffff;\">Advice and inspiration for your projects<\/span><\/h5>\n<p><span style=\"color: #ffffff;\">Discover the 2025 trends for your decorating projects. Our recommendations combine modernity and functionality, with bold color combinations and unique textures that will enhance your spaces. <\/span><\/p>\n<\/div>\n<\/div><\/div><div class=\"w-btn-wrapper align_none\"><a class=\"w-btn us-btn-style_17 us_custom_43377955\" href=\"https:\/\/odassia.com\/en\/articles\/\"><span class=\"w-btn-label\">DISCOVER<\/span><\/a><\/div><\/div><\/div><div class=\"wpb_column vc_column_container\"><div class=\"vc_column-inner\"><div class=\"w-image hide_on_mobiles align_none\"><div class=\"w-image-h\"><img loading=\"lazy\" decoding=\"async\" width=\"1024\" height=\"1024\" src=\"https:\/\/odassia.com\/wp-content\/uploads\/2024\/11\/5.png\" class=\"attachment-large size-large\" alt=\"\" srcset=\"https:\/\/odassia.com\/wp-content\/uploads\/2024\/11\/5.png 1024w, https:\/\/odassia.com\/wp-content\/uploads\/2024\/11\/5-300x300.png 300w, https:\/\/odassia.com\/wp-content\/uploads\/2024\/11\/5-150x150.png 150w, https:\/\/odassia.com\/wp-content\/uploads\/2024\/11\/5-600x600.png 600w\" sizes=\"auto, (max-width: 1024px) 100vw, 1024px\" \/><\/div><\/div><\/div><\/div><\/div><\/div><\/section><section class=\"l-section wpb_row hide_on_mobiles height_small\"><div class=\"l-section-h i-cf\"><div class=\"g-cols vc_row via_grid cols_2 laptops-cols_inherit tablets-cols_inherit mobiles-cols_1 valign_top type_default stacking_default\" style=\"grid-gap:1rem;\"><div class=\"wpb_column vc_column_container\"><div class=\"vc_column-inner\"><div class=\"wpb_text_column us_custom_6fb5ede8\"><div class=\"wpb_wrapper\"><div style=\"margin-left: 20px; margin-right: 30px;\">\n<h2><\/h2>\n<h2 style=\"font-size: 30px; margin-bottom: 5px;\"><span style=\"color: #ffffff;\"> SUSTAINABLE FACADES <\/span><\/h2>\n<hr style=\"border: 1px solid #ffffff; width: 30%; margin: 10px 0;\">\n<h5><span style=\"color: #ffffff;\">Inspiring colors for the outdoors <\/span><\/h5>\n<p><span style=\"color: #ffffff;\">Discover our ODASUD color chart, highlighting trendy colors for facades in 2025. Get inspired by bold, timeless shades that will enhance the aesthetics of your exteriors. <\/span><\/p>\n<\/div>\n<\/div><\/div><div class=\"w-btn-wrapper align_none\"><a class=\"w-btn us-btn-style_17 us_custom_0330cc99\" href=\"https:\/\/odassia.com\/en\/facade-colors\/\"><span class=\"w-btn-label\">DISCOVER<\/span><\/a><\/div><\/div><\/div><div class=\"wpb_column vc_column_container\"><div class=\"vc_column-inner\"><div class=\"w-image align_none\"><div class=\"w-image-h\"><img loading=\"lazy\" decoding=\"async\" width=\"1024\" height=\"1024\" src=\"https:\/\/odassia.com\/wp-content\/uploads\/2024\/11\/7.png\" class=\"attachment-large size-large\" alt=\"\" srcset=\"https:\/\/odassia.com\/wp-content\/uploads\/2024\/11\/7.png 1024w, https:\/\/odassia.com\/wp-content\/uploads\/2024\/11\/7-300x300.png 300w, https:\/\/odassia.com\/wp-content\/uploads\/2024\/11\/7-150x150.png 150w, https:\/\/odassia.com\/wp-content\/uploads\/2024\/11\/7-600x600.png 600w\" sizes=\"auto, (max-width: 1024px) 100vw, 1024px\" \/><\/div><\/div><\/div><\/div><div class=\"wpb_column vc_column_container hide_on_mobiles\"><div class=\"vc_column-inner\"><\/div><\/div><\/div><\/div><\/section><section class=\"l-section wpb_row hide_on_default hide_on_laptops hide_on_tablets height_small\"><div class=\"l-section-h i-cf\"><div class=\"g-cols vc_row via_grid cols_3 laptops-cols_inherit tablets-cols_inherit mobiles-cols_1 valign_top type_default stacking_default\"><div class=\"wpb_column vc_column_container\"><div class=\"vc_column-inner\"><div class=\"wpb_text_column us_custom_3c420cea\"><div class=\"wpb_wrapper\"><div style=\"margin-left: 20px; margin-right: 30px;\">\n<h2><\/h2>\n<h2 style=\"font-size: 30px; margin-bottom: 5px;\"><span style=\"color: #ffffff;\">O&#8217;DASSIA COLORS<\/span><\/h2>\n<hr style=\"border: 1px solid #ffffff; width: 30%; margin: 8px 0;\">\n<h5 style=\"margin-top: 0;\"><span style=\"color: #ffffff;\">Inspiring colors for your home<\/span><\/h5>\n<h5><\/h5>\n<\/div>\n<\/div><\/div><div class=\"w-btn-wrapper align_center\"><a class=\"w-btn us-btn-style_18 us_custom_bd50e0b7 has_text_color\" href=\"https:\/\/odassia.com\/en\/colors\/\"><span class=\"w-btn-label\">DISCOVER<\/span><\/a><\/div><\/div><\/div><div class=\"wpb_column vc_column_container\"><div class=\"vc_column-inner\"><div class=\"wpb_text_column us_custom_5e8b1d6a\"><div class=\"wpb_wrapper\"><div style=\"margin-left: 20px; margin-right: 30px;\">\n<h2><\/h2>\n<h2 style=\"font-size: 30px; margin-bottom: 5px;\"><span style=\"color: #ffffff;\">O&#8217;DASSIA FINISHES<\/span><\/h2>\n<hr style=\"border: 1px solid #ffffff; width: 30%; margin: 10px 0;\">\n<h5><span style=\"color: #ffffff;\">Effects that enhance your spaces<\/span><\/h5>\n<\/div>\n<\/div><\/div><div class=\"w-btn-wrapper align_center\"><a class=\"w-btn us-btn-style_18 us_custom_04de4b6b has_text_color\" href=\"https:\/\/odassia.com\/en\/our-catalogs\/\"><span class=\"w-btn-label\">DISCOVER<\/span><\/a><\/div><\/div><\/div><div class=\"wpb_column vc_column_container\"><div class=\"vc_column-inner\"><div class=\"wpb_text_column us_custom_d9385bb1\"><div class=\"wpb_wrapper\"><div style=\"margin-left: 20px; margin-right: 30px;\">\n<h2><\/h2>\n<h2><span style=\"color: #ffffff; font-size: 30px;\"><br \/>SUSTAINABLE FACADES<\/span><\/h2>\n<hr style=\"border: 1px solid #ffffff; width: 30%; margin: 10px 0;\">\n<h5><span style=\"color: #ffffff;\">Inspiring colors for the outdoors <\/span><\/h5>\n<\/div>\n<\/div><\/div><div class=\"w-btn-wrapper align_center\"><a class=\"w-btn us-btn-style_18 us_custom_413ce4db has_text_color\" href=\"#\"><span class=\"w-btn-label\">DISCOVER<\/span><\/a><\/div><\/div><\/div><div class=\"wpb_column vc_column_container\"><div class=\"vc_column-inner\"><div class=\"wpb_text_column us_custom_38e539b9 has_text_color\"><div class=\"wpb_wrapper\"><div style=\"margin-left: 20px; margin-right: 30px;\">\n<h2><\/h2>\n<h2 style=\"font-size: 30px; margin-bottom: 5px;\"><span style=\"color: #ffffff;\">2025 TRENDS<\/span><\/h2>\n<hr style=\"border: 1px solid #ffffff; width: 30%; margin: 10px 0;\">\n<h5><span style=\"color: #ffffff;\">Advice and inspiration for your projects<\/span><\/h5>\n<\/div>\n<\/div><\/div><div class=\"w-btn-wrapper align_center\"><a class=\"w-btn us-btn-style_18 us_custom_54eff2db has_text_color\" href=\"https:\/\/odassia.com\/en\/articles\/\"><span class=\"w-btn-label\">DISCOVER<\/span><\/a><\/div><\/div><\/div><div class=\"wpb_column vc_column_container\"><div class=\"vc_column-inner\"><\/div><\/div><div class=\"wpb_column vc_column_container\"><div class=\"vc_column-inner\"><\/div><\/div><\/div><\/div><\/section>\n","protected":false},"excerpt":{"rendered":"O&#8217;DASSIA COLORS Inspiring colors for your home Discover our online color chart, specially designed for your interior design projects.In phase with the 2024\/2025 trends, each shade is available in matte, satin or gloss finish,offering perfect opacity, color precision and exceptional durability. DISCOVER O&#8217;DASSIA FINISHES Effects that enhance your spaces Discover our decorative finishes, such as...","protected":false},"author":1,"featured_media":0,"parent":0,"menu_order":0,"comment_status":"closed","ping_status":"closed","template":"","meta":{"_acf_changed":false,"_seopress_robots_primary_cat":"","_seopress_titles_title":"Couleurs et tendances pour d\u00e9corer et r\u00e9nover | O'dassia Peintures","_seopress_titles_desc":"D\u00e9couvrez les couleurs et tendances pour vos projets avec O'dassia : explorez notre nuancier en ligne, consultez les catalogues et fiches techniques de nos peintures \u00e9cologiques, et trouvez l'inspiration dans nos brochures pour d\u00e9corer et r\u00e9nover.","_seopress_robots_index":"","inline_featured_image":false,"footnotes":""},"class_list":["post-7392","page","type-page","status-publish","hentry"],"acf":[],"_links":{"self":[{"href":"https:\/\/odassia.com\/en\/wp-json\/wp\/v2\/pages\/7392","targetHints":{"allow":["GET"]}}],"collection":[{"href":"https:\/\/odassia.com\/en\/wp-json\/wp\/v2\/pages"}],"about":[{"href":"https:\/\/odassia.com\/en\/wp-json\/wp\/v2\/types\/page"}],"author":[{"embeddable":true,"href":"https:\/\/odassia.com\/en\/wp-json\/wp\/v2\/users\/1"}],"replies":[{"embeddable":true,"href":"https:\/\/odassia.com\/en\/wp-json\/wp\/v2\/comments?post=7392"}],"version-history":[{"count":18,"href":"https:\/\/odassia.com\/en\/wp-json\/wp\/v2\/pages\/7392\/revisions"}],"predecessor-version":[{"id":11653,"href":"https:\/\/odassia.com\/en\/wp-json\/wp\/v2\/pages\/7392\/revisions\/11653"}],"wp:attachment":[{"href":"https:\/\/odassia.com\/en\/wp-json\/wp\/v2\/media?parent=7392"}],"curies":[{"name":"wp","href":"https:\/\/api.w.org\/{rel}","templated":true}]}}