{"id":7453,"date":"2023-12-20T10:48:06","date_gmt":"2023-12-20T09:48:06","guid":{"rendered":"https:\/\/odassia.com\/prescription-space\/"},"modified":"2024-11-14T10:38:08","modified_gmt":"2024-11-14T09:38:08","slug":"prescription","status":"publish","type":"page","link":"https:\/\/odassia.com\/en\/prescription\/","title":{"rendered":"Our services"},"content":{"rendered":"<section class=\"l-section wpb_row us_custom_bdcb60f2 height_auto width_full with_img\"><div class=\"l-section-img\" data-img-width=\"1681\" data-img-height=\"1437\" style=\"background-image: url(https:\/\/odassia.com\/wp-content\/uploads\/2024\/11\/IMG_4214-scaled-e1731404697383.jpg);background-repeat: no-repeat;\"><\/div><div class=\"l-section-h i-cf\"><div class=\"g-cols vc_row via_grid cols_1 laptops-cols_inherit tablets-cols_inherit mobiles-cols_1 valign_top type_default stacking_default\"><div class=\"wpb_column vc_column_container\"><div class=\"vc_column-inner\"><\/div><\/div><\/div><\/div><\/section><section class=\"l-section wpb_row height_small\"><div class=\"l-section-h i-cf\"><div class=\"g-cols vc_row via_grid cols_1 laptops-cols_inherit tablets-cols_inherit mobiles-cols_1 valign_top type_default stacking_default\"><div class=\"wpb_column vc_column_container\"><div class=\"vc_column-inner\"><div class=\"w-separator size_small\"><\/div><div class=\"w-text us_custom_1f1a658b has_text_color\"><span class=\"w-text-h\"><span class=\"w-text-value\">Discover<\/span><\/span><\/div><h1 class=\"w-text us_custom_eb849559\"><span class=\"w-text-h\"><span class=\"w-text-value\">OUR SERVICES FOR PROFESSIONALS<\/span><\/span><\/h1><div class=\"w-separator us_custom_bb49a220 size_custom\" style=\"height:5px\"><\/div><\/div><\/div><\/div><\/div><\/section><section class=\"l-section wpb_row height_small\"><div class=\"l-section-h i-cf\"><div class=\"g-cols vc_row via_grid cols_2 laptops-cols_inherit tablets-cols_inherit mobiles-cols_1 valign_top type_default stacking_default\"><div class=\"wpb_column vc_column_container\"><div class=\"vc_column-inner\"><div class=\"w-image has_ratio align_none\"><div class=\"w-image-h\"><div style=\"padding-bottom:71.4286%\"><\/div><img loading=\"lazy\" decoding=\"async\" width=\"575\" height=\"1024\" src=\"https:\/\/odassia.com\/wp-content\/uploads\/2024\/11\/IMG_4135-575x1024.jpg\" class=\"attachment-large size-large\" alt=\"\" srcset=\"https:\/\/odassia.com\/wp-content\/uploads\/2024\/11\/IMG_4135-575x1024.jpg 575w, https:\/\/odassia.com\/wp-content\/uploads\/2024\/11\/IMG_4135-168x300.jpg 168w, https:\/\/odassia.com\/wp-content\/uploads\/2024\/11\/IMG_4135-600x1069.jpg 600w, https:\/\/odassia.com\/wp-content\/uploads\/2024\/11\/IMG_4135-scaled.jpg 1437w\" sizes=\"auto, (max-width: 575px) 100vw, 575px\" \/><\/div><\/div><\/div><\/div><div class=\"wpb_column vc_column_container\"><div class=\"vc_column-inner\"><div class=\"wpb_text_column us_custom_492179a4\"><div class=\"wpb_wrapper\"><h6>Our Prescription Department<\/h6>\n<\/div><\/div><div class=\"wpb_text_column us_custom_492179a4 title\"><div class=\"wpb_wrapper\"><h1>Your reliable partner for successful projects<\/h1>\n<\/div><\/div><div class=\"w-separator size_medium\"><\/div><div class=\"wpb_text_column us_custom_0f088a09 has_text_color\"><div class=\"wpb_wrapper\"><p>At O&#8217;DASSIA, we understand the crucial importance of specification and prescription in the success of coating projects. That&#8217;s why our dedicated team is at your service to support you every step of the way, from initial design to after-sales service. Find out how our expertise can make all the difference to your projects.<\/p>\n<\/div><\/div><div class=\"w-separator size_small\"><\/div><div class=\"w-popup us_custom_b6a72ce1 popOne w-btn-wrapper align_none\"><button class=\"w-popup-trigger type_btn w-btn us-btn-style_5\"><span class=\"w-btn-label\">CONTACT THE DEPARTMENT NOW<\/span><\/button><div class=\"w-popup-overlay\" style=\"background:rgba(0,0,0,0.85);\"><\/div><div class=\"w-popup-wrap\" style=\"--title-color:var(--color-content-heading);--title-bg-color:var(--color-content-bg-alt);--content-color:var(--color-content-text);--content-bg-color:var(--color-content-bg)\"><div class=\"w-popup-box animation_fadeIn closerpos_inside without_title\" style=\"width:900px;\"><div class=\"w-popup-box-h\"><div class=\"w-popup-box-content\"><section class=\"l-section wpb_row us_custom_b6a72ce1 height_auto\"><div class=\"l-section-h i-cf\"><div class=\"g-cols vc_row via_grid cols_2 laptops-cols_inherit tablets-cols_inherit mobiles-cols_1 valign_top type_default stacking_default\" style=\"grid-gap:1rem;\"><div class=\"wpb_column vc_column_container us_custom_4d0bea67 has_bg_color\"><div class=\"vc_column-inner\"><\/div><\/div><div class=\"wpb_column vc_column_container us_custom_d86a3d90\"><div class=\"vc_column-inner\"><div class=\"w-separator size_medium\"><\/div><div class=\"wpb_text_column us_custom_d24687aa has_text_color\"><div class=\"wpb_wrapper\"><p style=\"text-align: center;\">Would you like an estimate for your construction project?<\/p>\n<\/div><\/div><div class=\"wpb_text_column us_custom_25288701 has_text_color\"><div class=\"wpb_wrapper\"><p style=\"text-align: center;\">Our Prescription team is at your disposal to help you<\/p>\n<\/div><\/div><div class=\"w-separator size_small\"><\/div><div class=\"wpb_text_column\"><div class=\"wpb_wrapper\">\n<div class=\"wpcf7 no-js\" id=\"wpcf7-f8826-o1\" lang=\"en-US\" dir=\"ltr\" data-wpcf7-id=\"8826\">\n<div class=\"screen-reader-response\"><p role=\"status\" aria-live=\"polite\" aria-atomic=\"true\"><\/p> <ul><\/ul><\/div>\n<form action=\"\/en\/wp-json\/wp\/v2\/pages\/7453#wpcf7-f8826-o1\" method=\"post\" class=\"wpcf7-form init\" aria-label=\"Contact form\" novalidate=\"novalidate\" data-status=\"init\">\n<fieldset class=\"hidden-fields-container\"><input type=\"hidden\" name=\"_wpcf7\" value=\"8826\" \/><input type=\"hidden\" name=\"_wpcf7_version\" value=\"6.1.5\" \/><input type=\"hidden\" name=\"_wpcf7_locale\" value=\"en_US\" \/><input type=\"hidden\" name=\"_wpcf7_unit_tag\" value=\"wpcf7-f8826-o1\" \/><input type=\"hidden\" name=\"_wpcf7_container_post\" value=\"0\" \/><input type=\"hidden\" name=\"_wpcf7_posted_data_hash\" value=\"\" \/><input type=\"hidden\" name=\"_wpcf7_recaptcha_response\" value=\"\" \/>\n<\/fieldset>\n<div class=\"wpcf7-response-output\" aria-hidden=\"true\"><\/div>\n<\/form>\n<\/div>\n\n<\/div><\/div><div class=\"w-separator size_small\"><\/div><\/div><\/div><\/div><\/div><\/section>\n<\/div><div class=\"w-popup-closer\"><\/div><\/div><\/div><\/div><\/div><\/div><\/div><\/div><\/div><\/section><section class=\"l-section wpb_row us_custom_cfdf64d4 height_small\"><div class=\"l-section-h i-cf\"><div class=\"g-cols vc_row via_grid cols_1 laptops-cols_inherit tablets-cols_inherit mobiles-cols_1 valign_top type_default stacking_default\"><div class=\"wpb_column vc_column_container\"><div class=\"vc_column-inner\"><div class=\"w-grid us_custom_b713816e type_carousel layout_3174 cols_3 overflow_hidden\" id=\"us_grid_1\"><style>#us_grid_1 .w-grid-item{padding:0.8rem}#us_grid_1 .w-grid-list{margin:-0.8rem}.w-grid + #us_grid_1 .w-grid-list,.w-grid-none + #us_grid_1 .w-grid-list{margin-top:0.8rem}.layout_3174 .w-grid-item-h{background:var(--color-content-bg);color:var(--color-content-text);border-radius:0.3rem;box-shadow:0 0.03rem 0.06rem rgba(0,0,0,0.1),0 0.1rem 0.3rem rgba(0,0,0,0.1);transition-duration:0.3s}.no-touch .layout_3174 .w-grid-item-h:hover{box-shadow:0 0.1rem 0.2rem rgba(0,0,0,0.1),0 0.33rem 1rem rgba(0,0,0,0.15);z-index:4}.layout_3174 .usg_post_image_1{margin-bottom:-2rem!important}.layout_3174 .usg_post_title_1{font-size:18px!important;font-weight:600!important}.layout_3174 .usg_vwrapper_1{margin-top:2rem!important;padding:9% 11% 11% 11%!important}.layout_3174 .usg_post_content_1{font-size:14px!important;font-family:var(--font-body)!important;font-weight:400!important}<\/style><div class=\"w-grid-list owl-carousel navstyle_circle navpos_outside with_dots\" style=\"--arrows-size:1.8rem;\">\t<article class=\"w-grid-item post-8011 us_portfolio type-us_portfolio status-publish has-post-thumbnail hentry us_portfolio_category-service-en\" data-id=\"8011\">\r\n\t\t<div class=\"w-grid-item-h\">\r\n\t\t\t\t\t\t<div class=\"w-post-elm post_image usg_post_image_1 stretched\"><img loading=\"lazy\" decoding=\"async\" width=\"600\" height=\"334\" src=\"https:\/\/odassia.com\/wp-content\/uploads\/2023\/12\/4-1-600x334.png\" class=\"attachment-woocommerce_single size-woocommerce_single wp-post-image\" alt=\"\" srcset=\"https:\/\/odassia.com\/wp-content\/uploads\/2023\/12\/4-1-600x334.png 600w, https:\/\/odassia.com\/wp-content\/uploads\/2023\/12\/4-1-300x167.png 300w, https:\/\/odassia.com\/wp-content\/uploads\/2023\/12\/4-1-1024x571.png 1024w\" sizes=\"auto, (max-width: 600px) 100vw, 600px\" \/><\/div><div class=\"w-vwrapper usg_vwrapper_1 align_none valign_top\"><p class=\"w-post-elm post_title usg_post_title_1 entry-title color_link_inherit\">Proximity &amp; Responsibility<\/p><div class=\"w-post-elm post_content usg_post_content_1\"><p>We pride ourselves on our geographic proximity, offering advice, support and efficient logistics through our network of points of sale.<\/p>\n<\/div><\/div>\t\t<\/div>\r\n\t<\/article>\r\n\t<article class=\"w-grid-item post-8013 us_portfolio type-us_portfolio status-publish has-post-thumbnail hentry us_portfolio_category-service-en\" data-id=\"8013\">\r\n\t\t<div class=\"w-grid-item-h\">\r\n\t\t\t\t\t\t<div class=\"w-post-elm post_image usg_post_image_1 stretched\"><img loading=\"lazy\" decoding=\"async\" width=\"600\" height=\"334\" src=\"https:\/\/odassia.com\/wp-content\/uploads\/2023\/12\/1-1-600x334.png\" class=\"attachment-woocommerce_single size-woocommerce_single wp-post-image\" alt=\"\" srcset=\"https:\/\/odassia.com\/wp-content\/uploads\/2023\/12\/1-1-600x334.png 600w, https:\/\/odassia.com\/wp-content\/uploads\/2023\/12\/1-1-300x167.png 300w, https:\/\/odassia.com\/wp-content\/uploads\/2023\/12\/1-1-1024x571.png 1024w\" sizes=\"auto, (max-width: 600px) 100vw, 600px\" \/><\/div><div class=\"w-vwrapper usg_vwrapper_1 align_none valign_top\"><p class=\"w-post-elm post_title usg_post_title_1 entry-title color_link_inherit\">Recycling &amp; Environmental Responsibility<\/p><div class=\"w-post-elm post_content usg_post_content_1\"><p>Our commitment to the environment does not stop there. We strive to manage the life cycle of our products responsibly. We offer our partners the opportunity to recover and recycle leftover paint and empty packaging, giving them a second life while reducing their impact on the environment.<\/p>\n<\/div><\/div>\t\t<\/div>\r\n\t<\/article>\r\n\t<article class=\"w-grid-item post-8142 us_portfolio type-us_portfolio status-publish has-post-thumbnail hentry us_portfolio_category-service-en\" data-id=\"8142\">\r\n\t\t<div class=\"w-grid-item-h\">\r\n\t\t\t\t\t\t<div class=\"w-post-elm post_image usg_post_image_1 stretched\"><img loading=\"lazy\" decoding=\"async\" width=\"600\" height=\"334\" src=\"https:\/\/odassia.com\/wp-content\/uploads\/2023\/12\/2-1-600x334.png\" class=\"attachment-woocommerce_single size-woocommerce_single wp-post-image\" alt=\"\" srcset=\"https:\/\/odassia.com\/wp-content\/uploads\/2023\/12\/2-1-600x334.png 600w, https:\/\/odassia.com\/wp-content\/uploads\/2023\/12\/2-1-300x167.png 300w, https:\/\/odassia.com\/wp-content\/uploads\/2023\/12\/2-1-1024x571.png 1024w\" sizes=\"auto, (max-width: 600px) 100vw, 600px\" \/><\/div><div class=\"w-vwrapper usg_vwrapper_1 align_none valign_top\"><p class=\"w-post-elm post_title usg_post_title_1 entry-title color_link_inherit\">Custom Development<\/p><div class=\"w-post-elm post_content usg_post_content_1\"><p>We understand that every project is unique. That&#8217;s why we offer customized development of products or colors according to your specifications. Our flexibility in terms of production quantities and lead times ensures that your specific requirements are met.<\/p>\n<\/div><\/div>\t\t<\/div>\r\n\t<\/article>\r\n\t<article class=\"w-grid-item post-8679 us_portfolio type-us_portfolio status-publish has-post-thumbnail hentry us_portfolio_category-service-en\" data-id=\"8679\">\r\n\t\t<div class=\"w-grid-item-h\">\r\n\t\t\t\t\t\t<div class=\"w-post-elm post_image usg_post_image_1 stretched\"><img loading=\"lazy\" decoding=\"async\" width=\"600\" height=\"334\" src=\"https:\/\/odassia.com\/wp-content\/uploads\/2023\/12\/5-600x334.png\" class=\"attachment-woocommerce_single size-woocommerce_single wp-post-image\" alt=\"\" srcset=\"https:\/\/odassia.com\/wp-content\/uploads\/2023\/12\/5-600x334.png 600w, https:\/\/odassia.com\/wp-content\/uploads\/2023\/12\/5-300x167.png 300w, https:\/\/odassia.com\/wp-content\/uploads\/2023\/12\/5-1024x571.png 1024w\" sizes=\"auto, (max-width: 600px) 100vw, 600px\" \/><\/div><div class=\"w-vwrapper usg_vwrapper_1 align_none valign_top\"><p class=\"w-post-elm post_title usg_post_title_1 entry-title color_link_inherit\">Consulting &amp; Project Assistance<\/p><div class=\"w-post-elm post_content usg_post_content_1\"><p>Our team is there to support you during the project realization phase. We offer training for your craftsmen, on-site inspections and invaluable on-site assistance. Our aim is to guarantee a flawless execution of your coating project.<\/p>\n<\/div><\/div>\t\t<\/div>\r\n\t<\/article>\r\n\t<article class=\"w-grid-item post-8677 us_portfolio type-us_portfolio status-publish has-post-thumbnail hentry us_portfolio_category-service-en\" data-id=\"8677\">\r\n\t\t<div class=\"w-grid-item-h\">\r\n\t\t\t\t\t\t<div class=\"w-post-elm post_image usg_post_image_1 stretched\"><img loading=\"lazy\" decoding=\"async\" width=\"600\" height=\"334\" src=\"https:\/\/odassia.com\/wp-content\/uploads\/2023\/12\/6-600x334.png\" class=\"attachment-woocommerce_single size-woocommerce_single wp-post-image\" alt=\"\" srcset=\"https:\/\/odassia.com\/wp-content\/uploads\/2023\/12\/6-600x334.png 600w, https:\/\/odassia.com\/wp-content\/uploads\/2023\/12\/6-300x167.png 300w, https:\/\/odassia.com\/wp-content\/uploads\/2023\/12\/6-1024x571.png 1024w\" sizes=\"auto, (max-width: 600px) 100vw, 600px\" \/><\/div><div class=\"w-vwrapper usg_vwrapper_1 align_none valign_top\"><p class=\"w-post-elm post_title usg_post_title_1 entry-title color_link_inherit\">Pre-Project Consulting<\/p><div class=\"w-post-elm post_content usg_post_content_1\"><p>We&#8217;ll help you choose the right functional solutions, new decorative options and combinations of colors, effects and textures.<\/p>\n<p>If required, we can prepare sample surfaces to help you make informed decisions.<\/p>\n<\/div><\/div>\t\t<\/div>\r\n\t<\/article>\r\n<\/div><div class=\"g-preloader type_1\">\r\n\t<div><\/div>\r\n<\/div>\r\n\t<div class=\"w-grid-json hidden\" onclick='return {&quot;action&quot;:&quot;us_ajax_grid&quot;,&quot;ajax_url&quot;:&quot;https:\\\/\\\/odassia.com\\\/wp-admin\\\/admin-ajax.php&quot;,&quot;infinite_scroll&quot;:0,&quot;max_num_pages&quot;:1,&quot;pagination&quot;:&quot;none&quot;,&quot;permalink_url&quot;:&quot;https:\\\/\\\/odassia.com\\\/en\\\/wp-json\\\/wp\\\/v2\\\/pages\\\/7453\\\/&quot;,&quot;template_vars&quot;:{&quot;columns&quot;:&quot;3&quot;,&quot;exclude_items&quot;:&quot;none&quot;,&quot;img_size&quot;:&quot;default&quot;,&quot;ignore_items_size&quot;:0,&quot;items_layout&quot;:&quot;3174&quot;,&quot;items_offset&quot;:&quot;1&quot;,&quot;load_animation&quot;:&quot;none&quot;,&quot;overriding_link&quot;:&quot;none&quot;,&quot;post_id&quot;:7453,&quot;query_args&quot;:{&quot;post_type&quot;:[&quot;us_portfolio&quot;],&quot;tax_query&quot;:[{&quot;taxonomy&quot;:&quot;us_portfolio_category&quot;,&quot;field&quot;:&quot;slug&quot;,&quot;terms&quot;:[&quot;service&quot;]}],&quot;post_status&quot;:[&quot;publish&quot;,&quot;acf-disabled&quot;],&quot;posts_per_page&quot;:&quot;11&quot;},&quot;orderby_query_args&quot;:{&quot;orderby&quot;:{&quot;date&quot;:&quot;DESC&quot;}},&quot;type&quot;:&quot;carousel&quot;,&quot;us_grid_ajax_index&quot;:1,&quot;us_grid_filter_params&quot;:null,&quot;us_grid_index&quot;:1,&quot;_us_grid_post_type&quot;:&quot;us_portfolio&quot;,&quot;lang&quot;:&quot;en&quot;},&quot;carousel_settings&quot;:{&quot;autoHeight&quot;:0,&quot;autoplay&quot;:0,&quot;carousel_fade&quot;:1,&quot;center&quot;:0,&quot;dots&quot;:1,&quot;items&quot;:&quot;3&quot;,&quot;loop&quot;:false,&quot;nav&quot;:1,&quot;slideby&quot;:&quot;1&quot;,&quot;smooth_play&quot;:0,&quot;speed&quot;:250,&quot;timeout&quot;:3000,&quot;transition&quot;:&quot;&quot;},&quot;carousel_breakpoints&quot;:{&quot;0&quot;:{&quot;autoHeight&quot;:0,&quot;autoplay&quot;:0,&quot;autoplayHoverPause&quot;:0,&quot;items&quot;:1,&quot;loop&quot;:false,&quot;stagePadding&quot;:0},&quot;600&quot;:{&quot;autoHeight&quot;:0,&quot;autoplay&quot;:0,&quot;autoplayHoverPause&quot;:0,&quot;items&quot;:2,&quot;loop&quot;:false,&quot;stagePadding&quot;:0},&quot;900&quot;:{&quot;autoHeight&quot;:0,&quot;autoplay&quot;:0,&quot;autoplayHoverPause&quot;:0,&quot;items&quot;:1,&quot;loop&quot;:false,&quot;stagePadding&quot;:0},&quot;1200&quot;:{&quot;items&quot;:3,&quot;stagePadding&quot;:0}}}'><\/div>\r\n\t<\/div><\/div><\/div><\/div><\/div><\/section><section class=\"l-section wpb_row height_small\"><div class=\"l-section-h i-cf\"><div class=\"g-cols vc_row via_grid cols_1 laptops-cols_inherit tablets-cols_inherit mobiles-cols_1 valign_top type_default stacking_default\"><div class=\"wpb_column vc_column_container\"><div class=\"vc_column-inner\"><div class=\"w-text us_custom_1f1a658b has_text_color\"><span class=\"w-text-h\"><span class=\"w-text-value\">Discover<\/span><\/span><\/div><h1 class=\"w-text us_custom_eb849559\"><span class=\"w-text-h\"><span class=\"w-text-value\">OUR SHOWROOM SERVICES<\/span><\/span><\/h1><div class=\"w-separator us_custom_bb49a220 size_custom\" style=\"height:5px\"><\/div><\/div><\/div><\/div><\/div><\/section><section class=\"l-section wpb_row height_small\"><div class=\"l-section-h i-cf\"><div class=\"g-cols vc_row via_grid cols_2-1 laptops-cols_inherit tablets-cols_inherit mobiles-cols_1 valign_top type_default stacking_default\"><div class=\"wpb_column vc_column_container\"><div class=\"vc_column-inner\"><div class=\"wpb_text_column\"><div class=\"wpb_wrapper\"><p>Discover our showroom services and enjoy a unique experience as you explore our full range of eco-friendly coatings. Our advisors are on hand to help you choose the right coatings for your projects.<\/p>\n<\/div><\/div><\/div><\/div><div class=\"wpb_column vc_column_container\"><div class=\"vc_column-inner\"><div class=\"w-btn-wrapper align_center\"><a class=\"w-btn us-btn-style_12 us_custom_cdc43184 has_text_color\" href=\"https:\/\/odassia.com\/en\/find-a-store\/\"><span class=\"w-btn-label\">FIND A STORE<\/span><\/a><\/div><\/div><\/div><\/div><\/div><\/section><section class=\"l-section wpb_row height_small\"><div class=\"l-section-h i-cf\"><div class=\"g-cols vc_row via_grid cols_3 laptops-cols_inherit tablets-cols_inherit mobiles-cols_1 valign_top type_default stacking_default\"><div class=\"wpb_column vc_column_container\"><div class=\"vc_column-inner\"><div class=\"w-ibanner us_custom_6df4bc3a has_text_color animation_phorcys ratio_1x1 easing_ease\"><div class=\"w-ibanner-h\"><div class=\"w-ibanner-image\" style=\"background-image: url(https:\/\/odassia.com\/wp-content\/uploads\/2024\/11\/showroom-1024x1024.png)\"><\/div><div class=\"w-ibanner-content\"><div class=\"w-ibanner-content-h\"><p class=\"w-ibanner-title\" style=\"font-size:20px;\">SHOWROOM ASSISTANCE<\/p><div class=\"w-ibanner-desc\"><p>Profitez d'une exp\u00e9rience immersive dans nos showrooms O'dassia pour d\u00e9couvrir nos rev\u00eatements.<\/p>\n<\/div><\/div><\/div><\/div><a href=\"https:\/\/odassia.com\/accompagnement-en-showroom-decouvrez-lexperience-odassia\/\" aria-label=\"SHOWROOM ASSISTANCE\"><\/a><\/div><\/div><\/div><div class=\"wpb_column vc_column_container\"><div class=\"vc_column-inner\"><div class=\"w-ibanner us_custom_6df4bc3a has_text_color animation_phorcys ratio_1x1 easing_ease\"><div class=\"w-ibanner-h\"><div class=\"w-ibanner-image\" style=\"background-image: url(https:\/\/odassia.com\/wp-content\/uploads\/2024\/11\/site-1024x1024.png)\"><\/div><div class=\"w-ibanner-content\"><div class=\"w-ibanner-content-h\"><p class=\"w-ibanner-title\" style=\"font-size:20px;\">PERSONALIZE YOUR COLORS WITH ODACOLOR<\/p><div class=\"w-ibanner-desc\"><p>Cr\u00e9ez des teintes sur mesure pour tous vos projets gr\u00e2ce \u00e0 notre machine \u00e0 teinter ODACOLOR.<\/p>\n<\/div><\/div><\/div><\/div><a href=\"https:\/\/odassia.com\/personnalisez-vos-couleurs-avec-odacolor\/\" aria-label=\"PERSONALIZE YOUR COLORS WITH ODACOLOR\"><\/a><\/div><\/div><\/div><div class=\"wpb_column vc_column_container\"><div class=\"vc_column-inner\"><div class=\"w-ibanner us_custom_6df4bc3a has_text_color animation_phorcys ratio_1x1 easing_ease\"><div class=\"w-ibanner-h\"><div class=\"w-ibanner-image\" style=\"background-image: url(https:\/\/odassia.com\/wp-content\/uploads\/2024\/11\/2-4-1024x1024.png)\"><\/div><div class=\"w-ibanner-content\"><div class=\"w-ibanner-content-h\"><p class=\"w-ibanner-title\" style=\"font-size:20px;\">CUSTOMIZED COLOR ADVICE<\/p><div class=\"w-ibanner-desc\"><p>Recevez des conseils sur mesure pour vos choix de couleurs avec l\u2019expertise de nos sp\u00e9cialistes.<\/p>\n<\/div><\/div><\/div><\/div><a href=\"https:\/\/odassia.com\/des-conseils-coloristiques-personnalises\/\" aria-label=\"CUSTOMIZED COLOR ADVICE\"><\/a><\/div><\/div><\/div><div class=\"wpb_column vc_column_container\"><div class=\"vc_column-inner\"><div class=\"w-ibanner us_custom_6df4bc3a has_text_color animation_phorcys ratio_1x1 easing_ease\"><div class=\"w-ibanner-h\"><div class=\"w-ibanner-image\" style=\"background-image: url(https:\/\/odassia.com\/wp-content\/uploads\/2024\/11\/3-3-1024x1024.png)\"><\/div><div class=\"w-ibanner-content\"><div class=\"w-ibanner-content-h\"><p class=\"w-ibanner-title\" style=\"font-size:20px;\">GET YOUR FREE ESTIMATE<\/p><div class=\"w-ibanner-desc\"><p>Demandez un devis gratuit pour votre projet et b\u00e9n\u00e9ficiez d'une planification sereine.<\/p>\n<\/div><\/div><\/div><\/div><a href=\"https:\/\/odassia.com\/recevez-votre-devis-gratuit\/\" aria-label=\"GET YOUR FREE ESTIMATE\"><\/a><\/div><\/div><\/div><div class=\"wpb_column vc_column_container\"><div class=\"vc_column-inner\"><div class=\"w-ibanner us_custom_6df4bc3a has_text_color animation_phorcys ratio_1x1 easing_ease\"><div class=\"w-ibanner-h\"><div class=\"w-ibanner-image\" style=\"background-image: url(https:\/\/odassia.com\/wp-content\/uploads\/2024\/11\/5-2-1024x1024.png)\"><\/div><div class=\"w-ibanner-content\"><div class=\"w-ibanner-content-h\"><p class=\"w-ibanner-title\" style=\"font-size:20PX;\">ACCURATELY MEASURE YOUR PAINT REQUIREMENTS<\/p><div class=\"w-ibanner-desc\"><p>D\u00e9terminer avec pr\u00e9cision la quantit\u00e9 de peinture n\u00e9cessaire afin d'\u00e9viter le gaspillage et de garantir une application uniforme.<\/p>\n<\/div><\/div><\/div><\/div><a href=\"https:\/\/odassia.com\/simplifiez-vos-projets-avec-notre-calculateur-de-peinture-en-ligne\/\" aria-label=\"ACCURATELY MEASURE YOUR PAINT REQUIREMENTS\"><\/a><\/div><\/div><\/div><div class=\"wpb_column vc_column_container\"><div class=\"vc_column-inner\"><div class=\"w-ibanner us_custom_6df4bc3a has_text_color animation_phorcys ratio_1x1 easing_ease\"><div class=\"w-ibanner-h\"><div class=\"w-ibanner-image\" style=\"background-image: url(https:\/\/odassia.com\/wp-content\/uploads\/2024\/11\/WhatsApp-Image-2024-08-26-at-11.41.50-23-768x1024.jpeg)\"><\/div><div class=\"w-ibanner-content\"><div class=\"w-ibanner-content-h\"><p class=\"w-ibanner-title\" style=\"font-size:20px;\">PUT YOU IN TOUCH WITH AN APPROVED APPLICATOR<\/p><div class=\"w-ibanner-desc\"><p>D\u00e9couvrez notre service gratuit de mise en relation avec un applicateur agr\u00e9\u00e9, soigneusement s\u00e9lectionn\u00e9, dans votre ville pour tous vos projets de peinture.<\/p>\n<\/div><\/div><\/div><\/div><a href=\"https:\/\/odassia.com\/mise-en-relation-avec-un-applicateur-agree\/\" aria-label=\"PUT YOU IN TOUCH WITH AN APPROVED APPLICATOR\"><\/a><\/div><\/div><\/div><\/div><\/div><\/section><section class=\"l-section wpb_row height_small\"><div class=\"l-section-h i-cf\"><div class=\"g-cols vc_row via_grid cols_1 laptops-cols_inherit tablets-cols_inherit mobiles-cols_1 valign_top type_default stacking_default\"><div class=\"wpb_column vc_column_container\"><div class=\"vc_column-inner\"><\/div><\/div><\/div><\/div><\/section>\n","protected":false},"excerpt":{"rendered":"We'll help you choose the right functional solutions, new decorative options and combinations of colors, effects and textures. If required, we can prepare sample surfaces to help you make informed decisions.","protected":false},"author":3,"featured_media":0,"parent":0,"menu_order":0,"comment_status":"closed","ping_status":"closed","template":"","meta":{"_acf_changed":false,"_seopress_robots_primary_cat":"","_seopress_titles_title":"O'dassia Peintures I Manufacturer of ecological paints for building professionals","_seopress_titles_desc":"O'dassia, Morocco's 1st manufacturer of ecological paints, offers tailor-made solutions for professionals: technical diagnostics, budgeting, site supervision and drafting of SPCs.","_seopress_robots_index":"","inline_featured_image":false,"footnotes":""},"class_list":["post-7453","page","type-page","status-publish","hentry"],"acf":[],"_links":{"self":[{"href":"https:\/\/odassia.com\/en\/wp-json\/wp\/v2\/pages\/7453","targetHints":{"allow":["GET"]}}],"collection":[{"href":"https:\/\/odassia.com\/en\/wp-json\/wp\/v2\/pages"}],"about":[{"href":"https:\/\/odassia.com\/en\/wp-json\/wp\/v2\/types\/page"}],"author":[{"embeddable":true,"href":"https:\/\/odassia.com\/en\/wp-json\/wp\/v2\/users\/3"}],"replies":[{"embeddable":true,"href":"https:\/\/odassia.com\/en\/wp-json\/wp\/v2\/comments?post=7453"}],"version-history":[{"count":14,"href":"https:\/\/odassia.com\/en\/wp-json\/wp\/v2\/pages\/7453\/revisions"}],"predecessor-version":[{"id":11351,"href":"https:\/\/odassia.com\/en\/wp-json\/wp\/v2\/pages\/7453\/revisions\/11351"}],"wp:attachment":[{"href":"https:\/\/odassia.com\/en\/wp-json\/wp\/v2\/media?parent=7453"}],"curies":[{"name":"wp","href":"https:\/\/api.w.org\/{rel}","templated":true}]}}