{"id":8223,"date":"2023-10-25T15:40:22","date_gmt":"2023-10-25T13:40:22","guid":{"rendered":"https:\/\/odassia.com\/produit\/revoco-odacco\/"},"modified":"2024-03-29T14:09:59","modified_gmt":"2024-03-29T13:09:59","slug":"revoco-odacco","status":"publish","type":"product","link":"https:\/\/odassia.com\/en\/produit\/revoco-odacco\/","title":{"rendered":"REVOCO ODACCO"},"content":{"rendered":"<p>REVOCO ODACCO is a water-repellent, single-coat powder mortar that reduces water absorption and permeability.<\/p>\n<p>REVOCO ODACCO is designed to remedy surface irregularities on facades and for its decorative appearance.<\/p>\n","protected":false},"excerpt":{"rendered":"<p>Do not apply when temperatures are low (<5\u00b0C) et l\u2019humidit\u00e9 ambiante \u00e9lev\u00e9e (>70%), when it is raining or when there is a risk of frost.<\/p>\n<p>application must be carried out at temperatures between 5\u00b0C and 30\u00b0C.<\/p>\n<p>Where substrates of different natures meet, and in areas of tension, reinforce the mortar with fiberglass mesh or metal mesh treated with anti-alkali.<\/p>\n<p>Apply by brush or machine. Wait 1 to 3 hours before troweling.<\/p>\n","protected":false},"featured_media":12350,"template":"","meta":{"_acf_changed":false,"_seopress_robots_primary_cat":"","_seopress_titles_title":"","_seopress_titles_desc":"","_seopress_robots_index":"","inline_featured_image":false},"product_brand":[],"product_cat":[478,487],"product_tag":[],"rev_int2":[],"facade":[549],"sols":[],"etancheite_et_humidite":[],"confort_et_isolation_thermique":[],"bois__metal_et_carrelage_":[],"class_list":{"0":"post-8223","1":"product","2":"type-product","3":"status-publish","4":"has-post-thumbnail","6":"product_cat-exterior","7":"product_cat-facade-protection-and-decoration","8":"facade-peintures-fonctionnelles","9":"supports_ext-facades-en","10":"fonctions_ext-facade-protection-and-decoration","12":"first","13":"outofstock","14":"shipping-taxable","15":"purchasable","16":"product-type-simple"},"acf":[],"_links":{"self":[{"href":"https:\/\/odassia.com\/en\/wp-json\/wp\/v2\/product\/8223","targetHints":{"allow":["GET"]}}],"collection":[{"href":"https:\/\/odassia.com\/en\/wp-json\/wp\/v2\/product"}],"about":[{"href":"https:\/\/odassia.com\/en\/wp-json\/wp\/v2\/types\/product"}],"wp:featuredmedia":[{"embeddable":true,"href":"https:\/\/odassia.com\/en\/wp-json\/wp\/v2\/media\/12350"}],"wp:attachment":[{"href":"https:\/\/odassia.com\/en\/wp-json\/wp\/v2\/media?parent=8223"}],"wp:term":[{"taxonomy":"product_brand","embeddable":true,"href":"https:\/\/odassia.com\/en\/wp-json\/wp\/v2\/product_brand?post=8223"},{"taxonomy":"product_cat","embeddable":true,"href":"https:\/\/odassia.com\/en\/wp-json\/wp\/v2\/product_cat?post=8223"},{"taxonomy":"product_tag","embeddable":true,"href":"https:\/\/odassia.com\/en\/wp-json\/wp\/v2\/product_tag?post=8223"},{"taxonomy":"rev_int2","embeddable":true,"href":"https:\/\/odassia.com\/en\/wp-json\/wp\/v2\/rev_int2?post=8223"},{"taxonomy":"facade","embeddable":true,"href":"https:\/\/odassia.com\/en\/wp-json\/wp\/v2\/facade?post=8223"},{"taxonomy":"sols","embeddable":true,"href":"https:\/\/odassia.com\/en\/wp-json\/wp\/v2\/sols?post=8223"},{"taxonomy":"etancheite_et_humidite","embeddable":true,"href":"https:\/\/odassia.com\/en\/wp-json\/wp\/v2\/etancheite_et_humidite?post=8223"},{"taxonomy":"confort_et_isolation_thermique","embeddable":true,"href":"https:\/\/odassia.com\/en\/wp-json\/wp\/v2\/confort_et_isolation_thermique?post=8223"},{"taxonomy":"bois__metal_et_carrelage_","embeddable":true,"href":"https:\/\/odassia.com\/en\/wp-json\/wp\/v2\/bois__metal_et_carrelage_?post=8223"}],"curies":[{"name":"wp","href":"https:\/\/api.w.org\/{rel}","templated":true}]}}